{"id":8291,"date":"2018-11-17T19:59:30","date_gmt":"2018-11-18T02:59:30","guid":{"rendered":"http:\/\/michelfiffe.com\/?page_id=8291"},"modified":"2023-11-17T14:44:56","modified_gmt":"2023-11-17T21:44:56","slug":"bin-recs","status":"publish","type":"page","link":"https:\/\/michelfiffe.com\/?page_id=8291","title":{"rendered":"Back Issue Recommendations"},"content":{"rendered":"<p><a href=\"http:\/\/michelfiffe.com\/wordpress\/wp-content\/uploads\/2018\/11\/tumblr_n8k59rw7N71rqostyo1_1280.jpg\"><img loading=\"lazy\" decoding=\"async\" class=\"alignnone wp-image-8298\" src=\"http:\/\/michelfiffe.com\/wordpress\/wp-content\/uploads\/2018\/11\/tumblr_n8k59rw7N71rqostyo1_1280.jpg\" alt=\"\" width=\"640\" height=\"331\" srcset=\"https:\/\/michelfiffe.com\/wp-content\/uploads\/2018\/11\/tumblr_n8k59rw7N71rqostyo1_1280.jpg 1280w, https:\/\/michelfiffe.com\/wp-content\/uploads\/2018\/11\/tumblr_n8k59rw7N71rqostyo1_1280-300x155.jpg 300w, https:\/\/michelfiffe.com\/wp-content\/uploads\/2018\/11\/tumblr_n8k59rw7N71rqostyo1_1280-768x397.jpg 768w, https:\/\/michelfiffe.com\/wp-content\/uploads\/2018\/11\/tumblr_n8k59rw7N71rqostyo1_1280-1024x530.jpg 1024w\" sizes=\"auto, (max-width: 640px) 100vw, 640px\" \/><\/a><\/p>\n<p style=\"text-align: center;\">This is a list of personal favorites, choice cuts in case you&#8217;re ever at a loss when facing the bins. Although my back issue preferences are in constant flux, these selections make up a solid foundation consisting of mostly 80s &amp; 90s mainstream-leaning fare. If some 70s gem pops up, or some modern outlier creeps in, awesome. I&#8217;m not mentioning stuff that&#8217;s either super iconic (i.e. we all know Miller\/Janson&#8217;s <a href=\"https:\/\/twitter.com\/MichelFiffe\/status\/1227969707900272640\"><em>DD<\/em><\/a>\u00a0and Ostrander\/McDonnell&#8217;s <a href=\"http:\/\/michelfiffe.com\/?p=4958\"><em>Suicide Squad<\/em><\/a> are <a href=\"http:\/\/michelfiffe.com\/?page_id=4979\">great<\/a>&#8230; or do we??) or stuff that&#8217;s been substantially collected &#8212; a few things here and there had bound editions but even those are out of print. Either way, I&#8217;ll be updating this list whenever the chance presents itself, which will include expanding the list with more underground\/small press\/alternative material.<\/p>\n<p style=\"text-align: center;\">Additionally, I&#8217;ve ranked <a href=\"https:\/\/www.cbr.com\/michel-fiffe-top-10-gi-joe-comics\/?utm_source=CBR-FB-P&amp;utm_medium=Social-Distribution&amp;fbclid=IwAR17kbM9Ix78thidHFLDHEW48EtSCa3FWMwQRRxUogSTjd6_r-adJLYJDEg\"><strong>comics<\/strong><\/a>, mentioned favorite <a href=\"https:\/\/13thdimension.com\/super-star-holiday-special-the-spirit-of-comics-past-by-michel-fiffe\/\"><strong>classics<\/strong><\/a>, and made lists for <a href=\"https:\/\/www.patreon.com\/MichelFiffe\/posts?filters%5Btag%5D=Pool+of+Inspiration\"><strong>several artists I&#8217;ve written about<\/strong><\/a>.<\/p>\n<p style=\"text-align: center;\">Don&#8217;t forget to peruse the <a href=\"http:\/\/michelfiffe.com\/?page_id=9802\"><strong>Bin Diving Megalist<\/strong><\/a>, an index of shops across the US with affordable back issue activity, amassed with the help of the <strong><a href=\"https:\/\/www.facebook.com\/groups\/CopraPressClub\">Copra Press Club<\/a><\/strong>.<\/p>\n<h3 style=\"text-align: center;\"><strong><span style=\"color: #ff0000;\">DC<\/span><\/strong><\/h3>\n<p><strong>Blackhawk 251-273 \u2022 <\/strong>This is the Dan Spiegle show all the way.<strong><br \/>\nCinder &amp; Ashe 1-4 \u2022 <\/strong>Jos\u00e9 Luis Garc\u00eda-L\u00f3pez can do no wrong.<br \/>\n<strong>Deathstroke the Terminator 1-11 \u2022 <\/strong>Wolfman at his best. Good, pulpy action.<br \/>\n<strong>Eclipso 11-18 \u2022 <\/strong>Gruesome narrative with awkward art is a fine combo.<br \/>\n<strong>Firestorm 65 \u2022 <\/strong>This Ross Andru fill-in eerie &amp; great.<br \/>\n<strong><a href=\"https:\/\/www.tcj.com\/baron-and-messner-loebs-flash\/\">Flash (1988)<\/a> 1-8, 24-28, 54 \u2022 <\/strong>Baron\/Guice &amp; Loebs\/LaRocque sets capped off by a perfect issue.<br \/>\n<strong>Hardware (Milestone) 5-7 \u2022 <\/strong>McDuffie\/Cowan at their grimiest.<br \/>\n<strong>Justice League of America 139-146, 149\/150, 251-254 \u2022\u00a0<\/strong>Englehart, then a Conway\/McDonnell epic.<br \/>\n<strong>Justice League International 1-<a href=\"http:\/\/fireandwaterpodcast.com\/podcast\/jli-10\/\">10<\/a>, 38-40 \u2022\u00a0<\/strong>If you limit yourself to any issues, let it be these.<br \/>\n<strong>Martian Manhunter (1988 mini-series) 1-4 \u2022 <\/strong>DeMatteis\/Badger made beautiful work together.<br \/>\n<strong><a href=\"https:\/\/www.tcj.com\/overword-1-%c2%b7-teen-titans\/\">New Titans<\/a> 71-86 \u2022<\/strong> &#8220;Titans Hunt&#8221; lived up to the hype.<br \/>\n<strong>Plastic Man (2004) 8 \u2022<\/strong> Random, hilarious issue in Baker&#8217;s run.<br \/>\n<strong>Shade the Changing Man (1978) 1-8 \u2022 <\/strong>Ditko, duh. The original issues are nicer to look at, but thankfully it&#8217;s collected.<br \/>\n<a href=\"https:\/\/www.patreon.com\/posts\/lightning-round-24697039\"><strong>Shadow of the Batman<\/strong><\/a>\u00a0<strong>1-5<\/strong> \u2022 Classic Marshal Rogers reprints.<br \/>\n<strong>Vigilante 39, 40 \u2022<\/strong> DC&#8217;s grindhouse aesthetic.<br \/>\n<strong><a href=\"https:\/\/www.factualopinion.com\/the_factual_opinion\/2012\/03\/wasteland-the-john-ostrander-interview.html\">Wasteland<\/a> 1-18 \u2022 <\/strong>Get whatever you find, any issue.<\/p>\n<h3 style=\"text-align: center;\"><span style=\"color: #ff0000;\"><strong>MARVEL<\/strong><\/span><\/h3>\n<p><strong>Avengers 273-277 \u2022 <\/strong>Stern\/John Buscema\/Palmer, powerhouses all.<br \/>\n<strong>Captain America 345-350, 367, 372-378 \u2022<\/strong> Dwyer &amp; Lim flanking the greatest Magneto story.<br \/>\n<strong><a href=\"https:\/\/paperkeg.simplecast.fm\/288\">Dakota North<\/a> 1-5 \u2022 <\/strong>Thomases\/Salmons on fire.<br \/>\n<strong>Daredevil 248-266 \u2022\u00a0<\/strong>I keep hearing that people haven&#8217;t read these. Criminal!<br \/>\n<strong>Defenders 31-41, Annual 1, Giant-Size 2 \u2022\u00a0<\/strong>All about the Steve Gerber\/Sal Buscema\/Klaus Janson team.<br \/>\n<strong>Guardians of the Galaxy 18, 23, 28, Annuals 1 &amp; 2 \u2022 <\/strong>Valentino, Texeira, and Nu-Trimpe = bonkers comics.<br \/>\n<strong>Iron Man 256, 258-266 \u2022\u00a0<\/strong>JRJR drawing the best Iron Man comics you ever seen.<br \/>\n<strong>Marshal Law 1-6, Takes Manhattan, Kingdom of the Blind \u2022\u00a0<\/strong>Hits every note on every level.<br \/>\n<strong>Punisher War Zone 1-6 \u2022\u00a0<\/strong>JRJR again, this time with Klaus!<br \/>\n<strong>Punisher: The End \u2022\u00a0<\/strong>Ennis\/Corben single-issue masterpiece.<br \/>\n<strong><a href=\"https:\/\/www.tcj.com\/overword-4-%C2%B7-squadron-supreme-quasar\/\">Quasar<\/a> 18-27 (mostly Cosmos In Collision) \u2022 <\/strong>Reluctantly sublime, these comics.<br \/>\n<strong>She-Hulk (2004) 1-4 \u2022<\/strong>\u00a0This Slott\/Bobillo\/Sosa team-up were enjoyable, brisk, and super pretty.<br \/>\n<strong>Squadron Supreme \u2022 <\/strong>Stands the test of time on the strength of Gruendwald&#8217;s passion.<br \/>\n<strong>What If? Volume 2 (1989) 3-7, 10, 26 \u2022 <\/strong>Standalone bursts of hyperviolent fantasies.<\/p>\n<h3 style=\"text-align: center;\"><strong><span style=\"color: #ff0000;\">MISC<\/span><\/strong><\/h3>\n<p><strong>Authority 13-16, 19-22 \u2022\u00a0<\/strong>Millar\/Quitely at their hungriest.<br \/>\n<strong>Badger 59 \u2022\u00a0<\/strong>Quintessential 80s &#8220;groundlevel&#8221; comic by Baron\/Pander Bros.<br \/>\n<strong>Bloodstrike 4 &#8211; 6 \u2022 <\/strong>Do I really need to sell these at this point?<br \/>\n<strong>Dick Tracy 1-3 \u2022<\/strong> Baker&#8217;s deadline art is better than many at their most punctual.<br \/>\n<strong>Ginger Fox 1-4<\/strong>\u00a0<strong>\u2022 <\/strong>Top level Baron\/Panders stylish nuttiness.<br \/>\n<strong>Grimjack 1-3, Casefiles 1 &amp; 2 \u2022 <\/strong>Interesting to see Ostrander develop his noir voice.<br \/>\n<strong>The Mark 4 \u2022 <\/strong>Early Tony Salmons for Dark Horse.<br \/>\n<strong>Next Man 1-5, Special<\/strong> <strong>\u2022<\/strong> I rediscovered this comic and now I&#8217;m in love.<br \/>\n<strong><a href=\"https:\/\/www.factualopinion.com\/the_factual_opinion\/2011\/10\/second-city-the-paul-duncan-phil-elliot-interview.html\">Second City<\/a> 1-4 \u2022\u00a0<\/strong>An intense and deceptively quiet mini from Duncan\/Elliot.<br \/>\n<strong>Teenage Mutant Ninja Turtles (&#8217;89) 19-21 \u2022\u00a0<\/strong>\u201cReturn to NY\u201d might very well be<em>\u00a0the only<\/em>\u00a0Turtle comics.<br \/>\n<strong>Terminator: Secondary Objectives 1-4 \u2022 <\/strong>Robinson\/Gulacy\/Kesel killing it.<br \/>\n<a href=\"https:\/\/www.cbr.com\/the-reread-reviews-velocity-pilot-season-1\/\"><strong>Velocity: Pilot Season<\/strong><\/a> 1 \u2022 Casey\/Maguire on a tight &amp; charming one-shot.<br \/>\n<strong>Vroom Socko: Paid In Full One-Shot \u2022<\/strong> Evan Dorkin rules.<\/p>\n<p><a href=\"http:\/\/michelfiffe.com\/wordpress\/wp-content\/uploads\/2010\/07\/Giffen-Creeper.jpg\"><img loading=\"lazy\" decoding=\"async\" class=\"wp-image-3106 size-full aligncenter\" src=\"http:\/\/michelfiffe.com\/wordpress\/wp-content\/uploads\/2010\/07\/Giffen-Creeper.jpg\" alt=\"\" width=\"576\" height=\"851\" srcset=\"https:\/\/michelfiffe.com\/wp-content\/uploads\/2010\/07\/Giffen-Creeper.jpg 576w, https:\/\/michelfiffe.com\/wp-content\/uploads\/2010\/07\/Giffen-Creeper-203x300.jpg 203w\" sizes=\"auto, (max-width: 576px) 100vw, 576px\" \/><\/a><\/p>\n<h3 style=\"text-align: center;\"><span style=\"color: #ff0000;\"><strong>CREATORS<\/strong><\/span><\/h3>\n<p style=\"text-align: left;\"><strong>HOWARD CHAYKIN<\/strong><br \/>\n<strong>American Flagg! 1-12, 15-26 \u2022 <\/strong>Howard&#8217;s kicking everyone&#8217;s ass with this.<br \/>\n<strong>Blackhawk 1-3 \u2022 <\/strong>Perhaps my favorite Chaykin project.<br \/>\n<strong>Power &amp; Glory 1-4, Holiday Special \u2022 <\/strong>Extremely underrated.<br \/>\n<strong>Shadow (1986 mini-series) 1-4 \u2022 <\/strong>Can&#8217;t pimp this enough.<br \/>\n<strong>Twilight 1-3 \u2022 <\/strong>Recently collected, but I see the issues in bins. Cheaper that way.<\/p>\n<p><strong>ERNIE COL\u00d3N<\/strong><br \/>\n<strong><a href=\"https:\/\/www.mycomicshop.com\/search?TID=478931\">AX<\/a> \u2022 <\/strong>Wrote, drew, colored, lettered this Marvel one-shot OGN.<strong><br \/>\n<a href=\"http:\/\/comicsbulletin.com\/podcast-michel-fiffe-reads-damage-control-rbcb\/\">Damage Control<\/a> \u2022<\/strong> Get them ALL. Four issues per volume, 12 excellent Dwayne McDuffie\/Col\u00f3n comics total.<br \/>\n<a href=\"https:\/\/www.mycomicshop.com\/search?TID=200681\"><strong>Grim Ghost<\/strong><\/a> 1-3 <strong>\u2022 <\/strong>Three pretty issues from Atlas Comics.<br \/>\n<strong>Magnus Robot Fighter 13-16 \u2022 <\/strong>These issues are too beautiful for their own good. Seriously, the cartooning, the coloring, perfect.<br \/>\n<a style=\"font-weight: bold;\" href=\"https:\/\/www.mycomicshop.com\/search?TID=538641\">Manimal<\/a><b> \u2022 <\/b>Collection of a bizarre serialized 70s comic.<br \/>\n<strong><a href=\"https:\/\/www.mycomicshop.com\/search?TID=10131321\">Medusa Chain<\/a> \u2022 <\/strong>DC OGN, same as AX: full art chores.<br \/>\n<strong><a href=\"https:\/\/www.abebooks.com\/9781560974871\/Strip-Search-Colon-Ernie-1560974877\/plp\">Strip Search<\/a> \u2022 <\/strong>Black &amp; white adults only OGN.<\/p>\n<p style=\"text-align: left;\"><strong>KEITH GIFFEN<\/strong><br \/>\n<strong>Action Comics 577, 579, 646 \u2022<\/strong> Non-Ambush Bug issues.<br \/>\n<strong>Daredevil 247 \u2022<\/strong> An odd pairing, but they made it work.<br \/>\n<strong>DC Challenge 11 \u2022 <\/strong>Dr. Fate &amp; Batman.<br \/>\n<strong>DC Comics Presents 88 \u2022<\/strong> Creeper story.<br \/>\n<strong>Dr. Fate (1987) mini-series 1-4 \u2022<\/strong> The great Dave Hunt on inks.<br \/>\n<strong>Heckler 1-6<\/strong> <strong>\u2022<\/strong> Be gentle with these. They&#8217;re treasures, but also the paper is super brittle.<br \/>\n<strong>Hell on Earth \u2022 <\/strong>Oversize mid 80s DC graphic novel. Rare oddity.<br \/>\n<strong>Hex 15-18<\/strong>\u00a0<strong>\u2022 <\/strong>Pretty looking rent work.<br \/>\n<strong>Justice 9-11 \u2022\u00a0<\/strong>Weird rent work.<br \/>\n<strong>Legion of Superheroes (1989) 1-24 \u2022 <\/strong>Giffen&#8217;s finest moment.<br \/>\n<strong>March Hare 1 \u2022 <\/strong>Black &amp; White independent.<br \/>\n<strong>Mr. Monster 6 \u2022\u00a0<\/strong>W\/Ditko reprint.<br \/>\n<strong>Nexus 23 \u2022\u00a0<\/strong>Fill-in.<br \/>\n<strong>Nightmask 8 \u2022 <\/strong>More weird rent work.<br \/>\n<strong>Peter Parker, Spectacular Spider-Man 120 \u2022 <\/strong>Spidey + Colletta = Great Giffen fill-in.<br \/>\n<strong>Punx 1-3 \u2022 <\/strong>Funny to see the enthusiasm die halfway thru.<br \/>\n<strong>Secret Origins 18, 44, 48 \u2022 <\/strong>Essential.<br \/>\n<strong>Starbrand 9 \u2022 <\/strong>Weirdest rent work. (Aren&#8217;t they all?)<br \/>\n<strong>Superman:Man of Steel 15 \u2022<\/strong> Inspired half-issue.<br \/>\n<strong>Supreme Annual 1 \u2022 <\/strong>Post-Trencher style.<br \/>\n<strong>Trencher 1-4, X-Mas Bites One-Shot \u2022 <\/strong>Full on Trencher style.<br \/>\n<strong>Victory 1 \u2022 <\/strong>Kirby property for Topps comics.<br \/>\n<strong>Video Jack 1-6 \u2022\u00a0<\/strong>Rare &#8220;creator-owned&#8221; Giffen.<br \/>\n<strong>Wally Wood&#8217;s T.H.U.N.D.E.R. Agents (1984) 1-5 \u2022<\/strong> First collaboration w\/Bierbaums. Will doubtlessly remain out of print.<br \/>\n<strong>World&#8217;s Finest 322 \u2022 <\/strong>Peak 80s Keith doing Superman &amp; Batman.<br \/>\n<strong>Youngblood Strikefile 8 \u2022 <\/strong>Really good Dutch short story.<\/p>\n<p><strong>KLAUS JANSON<br \/>\nDC Comics Presents 82 \u2022 <\/strong>Having Klaus draw Superman is always a treat.<strong><br \/>\nDetective Comics 568 \u2022 <\/strong>Another sharp jack-of-all-trades job.<br \/>\n<strong>Frost &amp; Fire \u2022 <\/strong>Same as Giffen&#8217;s graphic novel. Wrote\u00a0<em>and<\/em> painted it, too.<br \/>\n<strong>Punisher (1987) 1-5 \u2022 <\/strong>G O A T<br \/>\n<strong>Punisher\/Captain America: Blood &amp; Glory 1-3 \u2022 <\/strong>Prestige Format goodness.<br \/>\n<strong>St. George 1-6 \u2022<\/strong> Beautiful to look at.<br \/>\n<strong>Star Wars Annual 3 \u2022 <\/strong>The only SW comic I own. Real pretty.<br \/>\n<strong>Wolverine 26 \u2022 <\/strong>Tom Palmer inks!<\/p>\n<p><strong>WALTER SIMONSON<\/strong><br \/>\n<strong><a href=\"https:\/\/www.patreon.com\/posts\/36331044\">Orion<\/a> 1-25 \u2022 <\/strong>Surpasses the source it&#8217;s inspired by. Career best.<br \/>\n<strong><a href=\"https:\/\/www.tcj.com\/simonsons-fantastic-four\/\">Fantastic Four<\/a> 337-354 \u2022<\/strong> Entertaining, innovative, underrated.<br \/>\n<strong>CyberForce 0 \u2022 <\/strong>Timeless artist taps into a specific vibe.<br \/>\n<strong>Superman Special (1992) \u2022 <\/strong>Originally slated to be an Annual.<\/p>\n<p><strong>TREVOR VON EEDEN<br \/>\nBatman Annual 8 \u2022<\/strong> TVE&#8217;s &#8220;I&#8217;ll show them&#8221; comic. It paid off.<strong><br \/>\nBatman and the Outsiders 15 \u2022<\/strong> Better than a fill-in ought to be.<br \/>\n<strong>Green Arrow (1983 mini-series) 1-4 \u2022 <\/strong>Fun and inspired.<br \/>\n<strong><a href=\"http:\/\/michelfiffe.com\/?p=756\">Thriller<\/a> 1-6 \u2022 <\/strong>Stick to the first 4 if you have to.<br \/>\n<strong>World&#8217;s Finest <a href=\"https:\/\/youtu.be\/aKGVyYeoHCM?si=r7xJI4Vl_NLN-4oC\">287<\/a>, 305, 307 \u2022 <\/strong>Human eyes don&#8217;t deserve these.<\/p>\n<p><a href=\"http:\/\/michelfiffe.com\/?p=486\"><strong>JORGE ZAFFINO<\/strong><\/a><br \/>\n<strong>Hellraiser Book 2 \u2022 <\/strong>Prestige Format EPIC anthology.<br \/>\n<strong>Savage Sword of Conan 162<\/strong>\u00a0\u2022 This magazine, in the bins or not, find it immediately.<br \/>\n<strong>Seven Block \u2022 <\/strong>Re-released in b&amp;w I believe. I don&#8217;t mind the old colors actually.<br \/>\n<strong>Terror Inc. 1-7 \u2022 <\/strong>Very underrated, never to be collected I bet. Chichester&#8217;s best.<br \/>\n<strong>Winterworld 1-3 \u2022 <\/strong>Also re-released, same treatment.<br \/>\n<strong>Batman: Black &amp; White 2 \u2022 <\/strong>Short story, last mainstream work.<\/p>\n<p><a href=\"http:\/\/michelfiffe.com\/wordpress\/wp-content\/uploads\/2011\/09\/13.SUCCESS.jpg\"><img loading=\"lazy\" decoding=\"async\" class=\"wp-image-1738 size-full aligncenter\" src=\"http:\/\/michelfiffe.com\/wordpress\/wp-content\/uploads\/2011\/09\/13.SUCCESS.jpg\" alt=\"\" width=\"504\" height=\"641\" srcset=\"https:\/\/michelfiffe.com\/wp-content\/uploads\/2011\/09\/13.SUCCESS.jpg 504w, https:\/\/michelfiffe.com\/wp-content\/uploads\/2011\/09\/13.SUCCESS-235x300.jpg 235w\" sizes=\"auto, (max-width: 504px) 100vw, 504px\" \/><\/a><\/p>\n","protected":false},"excerpt":{"rendered":"<p>This is a list of personal favorites, choice cuts in case you&#8217;re ever at a loss when facing the bins. Although my back issue preferences are in constant flux, these selections make up a solid foundation consisting of mostly 80s &amp; 90s mainstream-leaning fare. If some 70s gem pops up, or some modern outlier creeps [&hellip;]<\/p>\n","protected":false},"author":1,"featured_media":0,"parent":0,"menu_order":0,"comment_status":"closed","ping_status":"closed","template":"","meta":{"nf_dc_page":"","footnotes":""},"class_list":["post-8291","page","type-page","status-publish","hentry"],"_links":{"self":[{"href":"https:\/\/michelfiffe.com\/index.php?rest_route=\/wp\/v2\/pages\/8291","targetHints":{"allow":["GET"]}}],"collection":[{"href":"https:\/\/michelfiffe.com\/index.php?rest_route=\/wp\/v2\/pages"}],"about":[{"href":"https:\/\/michelfiffe.com\/index.php?rest_route=\/wp\/v2\/types\/page"}],"author":[{"embeddable":true,"href":"https:\/\/michelfiffe.com\/index.php?rest_route=\/wp\/v2\/users\/1"}],"replies":[{"embeddable":true,"href":"https:\/\/michelfiffe.com\/index.php?rest_route=%2Fwp%2Fv2%2Fcomments&post=8291"}],"version-history":[{"count":37,"href":"https:\/\/michelfiffe.com\/index.php?rest_route=\/wp\/v2\/pages\/8291\/revisions"}],"predecessor-version":[{"id":9862,"href":"https:\/\/michelfiffe.com\/index.php?rest_route=\/wp\/v2\/pages\/8291\/revisions\/9862"}],"wp:attachment":[{"href":"https:\/\/michelfiffe.com\/index.php?rest_route=%2Fwp%2Fv2%2Fmedia&parent=8291"}],"curies":[{"name":"wp","href":"https:\/\/api.w.org\/{rel}","templated":true}]}}